{"id":3772,"date":"2023-11-11T21:47:29","date_gmt":"2023-11-11T21:47:29","guid":{"rendered":"https:\/\/lunextrading.com\/?post_type=product&#038;p=3772"},"modified":"2023-11-13T17:24:14","modified_gmt":"2023-11-13T17:24:14","slug":"ultenic-lds-aspirateur-robot-t10-pro","status":"publish","type":"product","link":"https:\/\/lunextrading.com\/?product=ultenic-lds-aspirateur-robot-t10-pro","title":{"rendered":"ULTENIC LDS Aspirateur Robot  T10 Pro"},"content":{"rendered":"<table class=\"a-normal a-spacing-micro\">\n<tbody>\n<tr class=\"a-spacing-small po-brand\">\n<td class=\"a-span3\"><span class=\"a-size-base a-text-bold\">Marque<\/span><\/td>\n<td class=\"a-span9\"><span class=\"a-size-base po-break-word\">Ultenic<\/span><\/td>\n<\/tr>\n<tr class=\"a-spacing-small po-model_name\">\n<td class=\"a-span3\"><span class=\"a-size-base a-text-bold\">Nom de mod\u00e8le<\/span><\/td>\n<td class=\"a-span9\"><span class=\"a-size-base po-break-word\">T10 Pro<\/span><\/td>\n<\/tr>\n<tr class=\"a-spacing-small po-special_feature\">\n<td class=\"a-span3\"><span class=\"a-size-base a-text-bold\">Caract\u00e9ristique sp\u00e9ciale<\/span><\/td>\n<td class=\"a-span9\"><span class=\"a-size-base po-break-word\">Navigation LiDAR<\/span><\/td>\n<\/tr>\n<tr class=\"a-spacing-small po-color\">\n<td class=\"a-span3\"><span class=\"a-size-base a-text-bold\">Couleur<\/span><\/td>\n<td class=\"a-span9\"><span class=\"a-size-base po-break-word\">Blanc<\/span><\/td>\n<\/tr>\n<tr class=\"a-spacing-small po-item_length_width_height\">\n<td class=\"a-span3\"><span class=\"a-size-base a-text-bold\">Dimensions du produit<\/span><\/td>\n<td class=\"a-span9\"><span class=\"a-size-base po-break-word\">33L x 33l x 7H centim\u00e8tres<\/span><\/td>\n<\/tr>\n<tr class=\"a-spacing-small po-battery.average_life\">\n<td class=\"a-span3\"><span class=\"a-size-base a-text-bold\">Dur\u00e9e de vie de la batterie<\/span><\/td>\n<td class=\"a-span9\"><span class=\"a-size-base po-break-word\">2 ans<\/span><\/td>\n<\/tr>\n<tr class=\"a-spacing-small po-voltage\">\n<td class=\"a-span3\"><span class=\"a-size-base a-text-bold\">Tension<\/span><\/td>\n<td class=\"a-span9\"><span class=\"a-size-base po-break-word\">14,4 Volts<\/span><\/td>\n<\/tr>\n<tr class=\"a-spacing-small po-capacity\">\n<td class=\"a-span3\"><span class=\"a-size-base a-text-bold\">Capacit\u00e9<\/span><\/td>\n<td class=\"a-span9\"><span class=\"a-size-base po-break-word\">3,3 Litres<\/span><\/td>\n<\/tr>\n<tr class=\"a-spacing-small po-control_method\">\n<td class=\"a-span3\"><span class=\"a-size-base a-text-bold\">M\u00e9thode de contr\u00f4le<\/span><\/td>\n<td class=\"a-span9\"><span class=\"a-size-base po-break-word\">Voix<\/span><\/td>\n<\/tr>\n<tr class=\"a-spacing-small po-compatible_devices\">\n<td class=\"a-span3\"><span class=\"a-size-base a-text-bold\">Appareils compatibles<\/span><\/td>\n<td class=\"a-span9\"><span class=\"a-size-base po-break-word\">Amazon Echo, Google Home, Tablette, Smartphone<\/span><\/td>\n<\/tr>\n<\/tbody>\n<\/table>\n","protected":false},"excerpt":{"rendered":"<p>Marque Ultenic Nom de mod\u00e8le T10 Pro Caract\u00e9ristique sp\u00e9ciale Navigation LiDAR Couleur Blanc Dimensions du produit 33L x 33l x 7H centim\u00e8tres Dur\u00e9e de vie de la batterie 2 ans Tension 14,4 Volts Capacit\u00e9 3,3 Litres M\u00e9thode de contr\u00f4le Voix Appareils compatibles Amazon Echo, Google Home, Tablette, Smartphone<\/p>\n","protected":false},"featured_media":3760,"comment_status":"open","ping_status":"closed","template":"","meta":[],"product_cat":[62,55,59],"product_tag":[],"jetpack_sharing_enabled":true,"_links":{"self":[{"href":"https:\/\/lunextrading.com\/index.php?rest_route=\/wp\/v2\/product\/3772"}],"collection":[{"href":"https:\/\/lunextrading.com\/index.php?rest_route=\/wp\/v2\/product"}],"about":[{"href":"https:\/\/lunextrading.com\/index.php?rest_route=\/wp\/v2\/types\/product"}],"replies":[{"embeddable":true,"href":"https:\/\/lunextrading.com\/index.php?rest_route=%2Fwp%2Fv2%2Fcomments&post=3772"}],"wp:featuredmedia":[{"embeddable":true,"href":"https:\/\/lunextrading.com\/index.php?rest_route=\/wp\/v2\/media\/3760"}],"wp:attachment":[{"href":"https:\/\/lunextrading.com\/index.php?rest_route=%2Fwp%2Fv2%2Fmedia&parent=3772"}],"wp:term":[{"taxonomy":"product_cat","embeddable":true,"href":"https:\/\/lunextrading.com\/index.php?rest_route=%2Fwp%2Fv2%2Fproduct_cat&post=3772"},{"taxonomy":"product_tag","embeddable":true,"href":"https:\/\/lunextrading.com\/index.php?rest_route=%2Fwp%2Fv2%2Fproduct_tag&post=3772"}],"curies":[{"name":"wp","href":"https:\/\/api.w.org\/{rel}","templated":true}]}}