{"id":3746,"date":"2023-11-11T20:57:27","date_gmt":"2023-11-11T20:57:27","guid":{"rendered":"https:\/\/lunextrading.com\/?post_type=product&#038;p=3746"},"modified":"2023-11-13T17:24:42","modified_gmt":"2023-11-13T17:24:42","slug":"ultenic-dot-lidar-aspirateur-robot-ts1","status":"publish","type":"product","link":"https:\/\/lunextrading.com\/?product=ultenic-dot-lidar-aspirateur-robot-ts1","title":{"rendered":"ULTENIC Dot-lidar Aspirateur Robot  TS1"},"content":{"rendered":"<table class=\"a-normal a-spacing-micro\">\n<tbody>\n<tr class=\"a-spacing-small po-brand\">\n<td class=\"a-span3\"><span class=\"a-size-base a-text-bold\">Marque<\/span><\/td>\n<td class=\"a-span9\"><span class=\"a-size-base po-break-word\">Ultenic<\/span><\/td>\n<\/tr>\n<tr class=\"a-spacing-small po-model_name\">\n<td class=\"a-span3\"><span class=\"a-size-base a-text-bold\">Nom de mod\u00e8le<\/span><\/td>\n<td class=\"a-span9\"><span class=\"a-size-base po-break-word\">TS1<\/span><\/td>\n<\/tr>\n<tr class=\"a-spacing-small po-special_feature\">\n<td class=\"a-span3\"><span class=\"a-size-base a-text-bold\">Caract\u00e9ristique sp\u00e9ciale<\/span><\/td>\n<td class=\"a-span9\"><span class=\"a-size-base po-break-word\">Station autovidange, Anti-chute, Zone interdite, \u00c9vitement des obstacles, Humide\/sec<\/span><\/td>\n<\/tr>\n<tr class=\"a-spacing-small po-color\">\n<td class=\"a-span3\"><span class=\"a-size-base a-text-bold\">Couleur<\/span><\/td>\n<td class=\"a-span9\"><span class=\"a-size-base po-break-word\">Noir<\/span><\/td>\n<\/tr>\n<tr class=\"a-spacing-small po-item_length_width_height\">\n<td class=\"a-span3\"><span class=\"a-size-base a-text-bold\">Dimensions du produit<\/span><\/td>\n<td class=\"a-span9\"><span class=\"a-size-base po-break-word\">33,5L x 33,5l x 7,4H centim\u00e8tres<\/span><\/td>\n<\/tr>\n<tr class=\"a-spacing-small po-included_components\">\n<td class=\"a-span3\"><span class=\"a-size-base a-text-bold\">Composants inclus<\/span><\/td>\n<td class=\"a-span9\">Adapteur, Sac \u00e0 poussi\u00e8re(*2 suppl\u00e9mentaire), Serpilli\u00e8re rotative (*1 couple suppl\u00e9mentaire), Manuel (en Fran\u00e7ais), Station d&#8217;auto-vidange, T\u00e9l\u00e9commande, HEPA (*1 suppl\u00e9mentaire), Brosse lat\u00e9rale(*1 suppl\u00e9mentaire), Pinceau pour l&#8217;entretien, Robot aspirateur, Support de serpilli\u00e8re<\/td>\n<\/tr>\n<tr class=\"a-spacing-small po-filter_type\">\n<td class=\"a-span3\"><span class=\"a-size-base a-text-bold\">Type de filtre<\/span><\/td>\n<td class=\"a-span9\"><span class=\"a-size-base po-break-word\">Hepa<\/span><\/td>\n<\/tr>\n<tr class=\"a-spacing-small po-battery.average_life\">\n<td class=\"a-span3\"><span class=\"a-size-base a-text-bold\">Dur\u00e9e de vie de la batterie<\/span><\/td>\n<td class=\"a-span9\"><span class=\"a-size-base po-break-word\">2 ans<\/span><\/td>\n<\/tr>\n<tr class=\"a-spacing-small po-voltage\">\n<td class=\"a-span3\"><span class=\"a-size-base a-text-bold\">Tension<\/span><\/td>\n<td class=\"a-span9\"><span class=\"a-size-base po-break-word\">35 Volts<\/span><\/td>\n<\/tr>\n<tr class=\"a-spacing-small po-capacity\">\n<td class=\"a-span3\"><span class=\"a-size-base a-text-bold\">Capacit\u00e9<\/span><\/td>\n<td class=\"a-span9\"><span class=\"a-size-base po-break-word\">3 Litres<\/span><\/td>\n<\/tr>\n<\/tbody>\n<\/table>\n","protected":false},"excerpt":{"rendered":"<p>Marque Ultenic Nom de mod\u00e8le TS1 Caract\u00e9ristique sp\u00e9ciale Station autovidange, Anti-chute, Zone interdite, \u00c9vitement des obstacles, Humide\/sec Couleur Noir Dimensions du produit 33,5L x 33,5l x 7,4H centim\u00e8tres Composants inclus Adapteur, Sac \u00e0 poussi\u00e8re(*2 suppl\u00e9mentaire), Serpilli\u00e8re rotative (*1 couple suppl\u00e9mentaire), Manuel (en Fran\u00e7ais), Station d&#8217;auto-vidange, T\u00e9l\u00e9commande, HEPA (*1 suppl\u00e9mentaire), Brosse lat\u00e9rale(*1 suppl\u00e9mentaire), Pinceau pour l&#8217;entretien, [&hellip;]<\/p>\n","protected":false},"featured_media":3734,"comment_status":"open","ping_status":"closed","template":"","meta":[],"product_cat":[62,55,59],"product_tag":[],"jetpack_sharing_enabled":true,"_links":{"self":[{"href":"https:\/\/lunextrading.com\/index.php?rest_route=\/wp\/v2\/product\/3746"}],"collection":[{"href":"https:\/\/lunextrading.com\/index.php?rest_route=\/wp\/v2\/product"}],"about":[{"href":"https:\/\/lunextrading.com\/index.php?rest_route=\/wp\/v2\/types\/product"}],"replies":[{"embeddable":true,"href":"https:\/\/lunextrading.com\/index.php?rest_route=%2Fwp%2Fv2%2Fcomments&post=3746"}],"wp:featuredmedia":[{"embeddable":true,"href":"https:\/\/lunextrading.com\/index.php?rest_route=\/wp\/v2\/media\/3734"}],"wp:attachment":[{"href":"https:\/\/lunextrading.com\/index.php?rest_route=%2Fwp%2Fv2%2Fmedia&parent=3746"}],"wp:term":[{"taxonomy":"product_cat","embeddable":true,"href":"https:\/\/lunextrading.com\/index.php?rest_route=%2Fwp%2Fv2%2Fproduct_cat&post=3746"},{"taxonomy":"product_tag","embeddable":true,"href":"https:\/\/lunextrading.com\/index.php?rest_route=%2Fwp%2Fv2%2Fproduct_tag&post=3746"}],"curies":[{"name":"wp","href":"https:\/\/api.w.org\/{rel}","templated":true}]}}