{"id":2588,"date":"2023-10-30T19:02:01","date_gmt":"2023-10-30T19:02:01","guid":{"rendered":"https:\/\/lunextrading.com\/?post_type=product&#038;p=2588"},"modified":"2023-11-02T12:05:42","modified_gmt":"2023-11-02T12:05:42","slug":"yoose-rasoir-electrique-a-trois-lames","status":"publish","type":"product","link":"https:\/\/lunextrading.com\/?product=yoose-rasoir-electrique-a-trois-lames","title":{"rendered":"yoose Rasoir \u00e9lectrique \u00e0 trois lames"},"content":{"rendered":"<div class=\"column-width-left\">\n<div class=\"feature-chart-item w-50 mb-w-100\">\n<div>Material: Alliage<\/div>\n<div class=\"feature-chart__value text-subdued\">\n<div class=\"column-width-left\">\n<div class=\"feature-chart-item w-50 mb-w-100\">\n<div class=\"feature-chart__value text-subdued\">Convient pour : Rasage \u00e0 sec ou sous l&#8217;eau<\/div>\n<div class=\"feature-chart__value text-subdued\">Capacit\u00e9 de la batterie : 700 mA<\/div>\n<div class=\"feature-chart__value text-subdued\">Poids de l&#8217;appareil : Environ 147 g<\/div>\n<div class=\"feature-chart__value text-subdued\">Temps de charge : 90 minutes<\/div>\n<div class=\"feature-chart__value text-subdued\">Taille : 62 mm x 52 mm x 2 mm<\/div>\n<div class=\"feature-chart__value text-subdued\">Niveau d&#8217;\u00e9tanch\u00e9it\u00e9 : IPX7<\/div>\n<div class=\"feature-chart__value text-subdued\">Autonomie de la batterie : Environ 90 minutes (Dure de 30 \u00e0 60 jours pour un rasage de 1 \u00e0 2 minutes par jour)<\/div>\n<\/div>\n<\/div>\n<\/div>\n<\/div>\n<\/div>\n","protected":false},"excerpt":{"rendered":"<p>Material: Alliage Convient pour : Rasage \u00e0 sec ou sous l&#8217;eau Capacit\u00e9 de la batterie : 700 mA Poids de l&#8217;appareil : Environ 147 g Temps de charge : 90 minutes Taille : 62 mm x 52 mm x 2 mm Niveau d&#8217;\u00e9tanch\u00e9it\u00e9 : IPX7 Autonomie de la batterie : Environ 90 minutes (Dure de [&hellip;]<\/p>\n","protected":false},"featured_media":2163,"comment_status":"open","ping_status":"closed","template":"","meta":[],"product_cat":[43,55,57],"product_tag":[],"jetpack_sharing_enabled":true,"_links":{"self":[{"href":"https:\/\/lunextrading.com\/index.php?rest_route=\/wp\/v2\/product\/2588"}],"collection":[{"href":"https:\/\/lunextrading.com\/index.php?rest_route=\/wp\/v2\/product"}],"about":[{"href":"https:\/\/lunextrading.com\/index.php?rest_route=\/wp\/v2\/types\/product"}],"replies":[{"embeddable":true,"href":"https:\/\/lunextrading.com\/index.php?rest_route=%2Fwp%2Fv2%2Fcomments&post=2588"}],"wp:featuredmedia":[{"embeddable":true,"href":"https:\/\/lunextrading.com\/index.php?rest_route=\/wp\/v2\/media\/2163"}],"wp:attachment":[{"href":"https:\/\/lunextrading.com\/index.php?rest_route=%2Fwp%2Fv2%2Fmedia&parent=2588"}],"wp:term":[{"taxonomy":"product_cat","embeddable":true,"href":"https:\/\/lunextrading.com\/index.php?rest_route=%2Fwp%2Fv2%2Fproduct_cat&post=2588"},{"taxonomy":"product_tag","embeddable":true,"href":"https:\/\/lunextrading.com\/index.php?rest_route=%2Fwp%2Fv2%2Fproduct_tag&post=2588"}],"curies":[{"name":"wp","href":"https:\/\/api.w.org\/{rel}","templated":true}]}}