{"id":2556,"date":"2023-10-30T18:27:02","date_gmt":"2023-10-30T18:27:02","guid":{"rendered":"https:\/\/lunextrading.com\/?post_type=product&#038;p=2556"},"modified":"2023-11-02T12:05:53","modified_gmt":"2023-11-02T12:05:53","slug":"yoose-rasoir-rotatif-mini","status":"publish","type":"product","link":"https:\/\/lunextrading.com\/?product=yoose-rasoir-rotatif-mini","title":{"rendered":"yoose Rasoir rotatif MINI"},"content":{"rendered":"<div class=\"column-width-left\">\n<div class=\"feature-chart-item w-50 mb-w-100\">Mat\u00e9riau : Alliage<\/div>\n<div class=\"feature-chart-item w-50 mb-w-100\">Convient pour : Utilisation \u00e0 sec ou sous l&#8217;eau<\/div>\n<div class=\"feature-chart-item w-50 mb-w-100\">Capacit\u00e9 de la batterie : 180 mAh * 2<\/div>\n<div class=\"feature-chart-item w-50 mb-w-100\">Poids de l&#8217;appareil : Environ 147 g<\/div>\n<div class=\"feature-chart-item w-50 mb-w-100\">Temps de charge : Environ 1 heure<\/div>\n<div class=\"feature-chart-item w-50 mb-w-100\">Taille : 62 mm x 52 mm x 2 mm<\/div>\n<div class=\"feature-chart-item w-50 mb-w-100\">Niveau d&#8217;\u00e9tanch\u00e9it\u00e9 : IPX-7<\/div>\n<div class=\"feature-chart-item w-50 mb-w-100\">Autonomie de la batterie : Environ 60 minutes (Dure de 30 \u00e0 60 jours pour un rasage de 1 \u00e0 2 minutes par jour)<\/div>\n<\/div>\n","protected":false},"excerpt":{"rendered":"<p>Mat\u00e9riau : Alliage Convient pour : Utilisation \u00e0 sec ou sous l&#8217;eau Capacit\u00e9 de la batterie : 180 mAh * 2 Poids de l&#8217;appareil : Environ 147 g Temps de charge : Environ 1 heure Taille : 62 mm x 52 mm x 2 mm Niveau d&#8217;\u00e9tanch\u00e9it\u00e9 : IPX-7 Autonomie de la batterie : Environ [&hellip;]<\/p>\n","protected":false},"featured_media":2154,"comment_status":"open","ping_status":"closed","template":"","meta":[],"product_cat":[43,55,57],"product_tag":[],"jetpack_sharing_enabled":true,"_links":{"self":[{"href":"https:\/\/lunextrading.com\/index.php?rest_route=\/wp\/v2\/product\/2556"}],"collection":[{"href":"https:\/\/lunextrading.com\/index.php?rest_route=\/wp\/v2\/product"}],"about":[{"href":"https:\/\/lunextrading.com\/index.php?rest_route=\/wp\/v2\/types\/product"}],"replies":[{"embeddable":true,"href":"https:\/\/lunextrading.com\/index.php?rest_route=%2Fwp%2Fv2%2Fcomments&post=2556"}],"wp:featuredmedia":[{"embeddable":true,"href":"https:\/\/lunextrading.com\/index.php?rest_route=\/wp\/v2\/media\/2154"}],"wp:attachment":[{"href":"https:\/\/lunextrading.com\/index.php?rest_route=%2Fwp%2Fv2%2Fmedia&parent=2556"}],"wp:term":[{"taxonomy":"product_cat","embeddable":true,"href":"https:\/\/lunextrading.com\/index.php?rest_route=%2Fwp%2Fv2%2Fproduct_cat&post=2556"},{"taxonomy":"product_tag","embeddable":true,"href":"https:\/\/lunextrading.com\/index.php?rest_route=%2Fwp%2Fv2%2Fproduct_tag&post=2556"}],"curies":[{"name":"wp","href":"https:\/\/api.w.org\/{rel}","templated":true}]}}