{"id":16,"date":"2023-08-05T18:45:21","date_gmt":"2023-08-05T18:45:21","guid":{"rendered":"https:\/\/lunextrading.com\/?page_id=16"},"modified":"2023-08-30T19:14:38","modified_gmt":"2023-08-30T19:14:38","slug":"nos-services","status":"publish","type":"page","link":"https:\/\/lunextrading.com\/?page_id=16&lang=fr","title":{"rendered":"NOS SERVICES"},"content":{"rendered":"\t\t<div data-elementor-type=\"wp-page\" data-elementor-id=\"16\" class=\"elementor elementor-16\" data-elementor-post-type=\"page\">\n\t\t\t\t<div class=\"elementor-element elementor-element-c9346d1 e-con-full e-flex e-con e-parent\" data-id=\"c9346d1\" data-element_type=\"container\" id=\"nosservicedistribution\" data-settings=\"{&quot;position&quot;:&quot;fixed&quot;}\">\n\t\t\t\t<div class=\"elementor-element elementor-element-356486a elementor-widget elementor-widget-spacer\" data-id=\"356486a\" data-element_type=\"widget\" data-widget_type=\"spacer.default\">\n\t\t\t\t<div class=\"elementor-widget-container\">\n\t\t\t\t\t\t\t<div class=\"elementor-spacer\">\n\t\t\t<div class=\"elementor-spacer-inner\"><\/div>\n\t\t<\/div>\n\t\t\t\t\t\t<\/div>\n\t\t\t\t<\/div>\n\t\t\t\t<\/div>\n\t\t<div class=\"elementor-element elementor-element-2d91e21 e-con-full e-flex e-con e-parent\" data-id=\"2d91e21\" data-element_type=\"container\" id=\"nosservicedistribution\">\n\t\t\t\t<div class=\"elementor-element elementor-element-bea3408 elementor-widget__width-inherit elementor-widget elementor-widget-template\" data-id=\"bea3408\" data-element_type=\"widget\" data-widget_type=\"template.default\">\n\t\t\t\t<div class=\"elementor-widget-container\">\n\t\t\t\t\t\t\t<div class=\"elementor-template\">\n\t\t\t\t\t<div data-elementor-type=\"page\" data-elementor-id=\"570\" class=\"elementor elementor-570\" data-elementor-post-type=\"elementor_library\">\n\t\t\t\t<div class=\"elementor-element elementor-element-ad6c26d e-flex e-con-boxed e-con e-parent\" data-id=\"ad6c26d\" data-element_type=\"container\">\n\t\t\t\t\t<div class=\"e-con-inner\">\n\t\t<div class=\"elementor-element elementor-element-adde096 e-con-full e-flex e-con e-parent\" data-id=\"adde096\" data-element_type=\"container\">\n\t\t<div class=\"elementor-element elementor-element-d015472 e-con-full e-flex e-con e-parent\" data-id=\"d015472\" data-element_type=\"container\">\n\t\t\t\t<div class=\"elementor-element elementor-element-838712d elementor-widget-mobile__width-inherit elementor-widget elementor-widget-heading\" data-id=\"838712d\" data-element_type=\"widget\" data-widget_type=\"heading.default\">\n\t\t\t\t<div class=\"elementor-widget-container\">\n\t\t\t\t\t<h2 class=\"elementor-heading-title elementor-size-default\">DISTRIBUTION<\/h2>\t\t\t\t<\/div>\n\t\t\t\t<\/div>\n\t\t\t\t<div class=\"elementor-element elementor-element-5e020d1 elementor-widget elementor-widget-spacer\" data-id=\"5e020d1\" data-element_type=\"widget\" data-widget_type=\"spacer.default\">\n\t\t\t\t<div class=\"elementor-widget-container\">\n\t\t\t\t\t\t\t<div class=\"elementor-spacer\">\n\t\t\t<div class=\"elementor-spacer-inner\"><\/div>\n\t\t<\/div>\n\t\t\t\t\t\t<\/div>\n\t\t\t\t<\/div>\n\t\t\t\t<\/div>\n\t\t<div class=\"elementor-element elementor-element-4bbacae e-con-full e-flex e-con e-parent\" data-id=\"4bbacae\" data-element_type=\"container\">\n\t\t\t\t<div class=\"elementor-element elementor-element-2af83eb elementor-widget__width-inherit elementor-widget elementor-widget-text-editor\" data-id=\"2af83eb\" data-element_type=\"widget\" data-widget_type=\"text-editor.default\">\n\t\t\t\t<div class=\"elementor-widget-container\">\n\t\t\t\t\t\t\t\t\t<p>Notre compr\u00e9hension du march\u00e9 de la distribution( Grands Surfaces, Grands Surfaces D\u00e9di\u00e9es, E-Commerce etc) \u00a0nous permet de mieux accompagner le d\u00e9veloppement et la croissance de la marque.<\/p><p><strong>Notre ambition<\/strong> :S\u00e9lectionnez de bons produits pour les consommateurs, <span class=\"wixui-rich-text__text\">d\u00e9velopper le distribution num\u00e9rique \u00a0et <\/span><span class=\"wixui-rich-text__text\">accro\u00eetre le part de march\u00e9 pour les marques<\/span><span class=\"wixui-rich-text__text\">.<\/span><\/p>\t\t\t\t\t\t\t\t<\/div>\n\t\t\t\t<\/div>\n\t\t\t\t<\/div>\n\t\t\t\t<\/div>\n\t\t<div class=\"elementor-element elementor-element-a736105 e-con-full e-flex e-con e-parent\" data-id=\"a736105\" data-element_type=\"container\">\n\t\t\t\t<div class=\"elementor-element elementor-element-9eec912 elementor-widget elementor-widget-image\" data-id=\"9eec912\" data-element_type=\"widget\" data-widget_type=\"image.default\">\n\t\t\t\t<div class=\"elementor-widget-container\">\n\t\t\t\t\t\t\t\t\t\t\t\t\t\t\t<img fetchpriority=\"high\" decoding=\"async\" width=\"750\" height=\"500\" src=\"https:\/\/lunextrading.com\/wp-content\/uploads\/2023\/08\/distributeur-service-1.jpg\" class=\"attachment-large size-large wp-image-1317\" alt=\"\" srcset=\"https:\/\/lunextrading.com\/wp-content\/uploads\/2023\/08\/distributeur-service-1.jpg 750w, https:\/\/lunextrading.com\/wp-content\/uploads\/2023\/08\/distributeur-service-1-600x400.jpg 600w, https:\/\/lunextrading.com\/wp-content\/uploads\/2023\/08\/distributeur-service-1-300x200.jpg 300w\" sizes=\"(max-width: 750px) 100vw, 750px\" \/>\t\t\t\t\t\t\t\t\t\t\t\t\t\t\t<\/div>\n\t\t\t\t<\/div>\n\t\t\t\t<\/div>\n\t\t\t\t\t<\/div>\n\t\t\t\t<\/div>\n\t\t\t\t<\/div>\n\t\t\t\t<\/div>\n\t\t\t\t\t\t<\/div>\n\t\t\t\t<\/div>\n\t\t\t\t<\/div>\n\t\t<div class=\"elementor-element elementor-element-b5c060e e-con-full e-flex e-con e-parent\" data-id=\"b5c060e\" data-element_type=\"container\">\n\t\t\t\t<div class=\"elementor-element elementor-element-e1dcd79 elementor-widget__width-inherit elementor-widget elementor-widget-template\" data-id=\"e1dcd79\" data-element_type=\"widget\" data-widget_type=\"template.default\">\n\t\t\t\t<div class=\"elementor-widget-container\">\n\t\t\t\t\t\t\t<div class=\"elementor-template\">\n\t\t\t\t\t<div data-elementor-type=\"page\" data-elementor-id=\"575\" class=\"elementor elementor-575\" data-elementor-post-type=\"elementor_library\">\n\t\t\t\t<div class=\"elementor-element elementor-element-93a753c e-flex e-con-boxed e-con e-parent\" data-id=\"93a753c\" data-element_type=\"container\">\n\t\t\t\t\t<div class=\"e-con-inner\">\n\t\t<div class=\"elementor-element elementor-element-c862f23 e-con-full e-flex e-con e-parent\" data-id=\"c862f23\" data-element_type=\"container\">\n\t\t\t\t<div class=\"elementor-element elementor-element-4915761 elementor-widget elementor-widget-image\" data-id=\"4915761\" data-element_type=\"widget\" data-widget_type=\"image.default\">\n\t\t\t\t<div class=\"elementor-widget-container\">\n\t\t\t\t\t\t\t\t\t\t\t\t\t\t\t<img decoding=\"async\" width=\"612\" height=\"408\" src=\"https:\/\/lunextrading.com\/wp-content\/uploads\/2023\/08\/logistic-service-2.jpg\" class=\"attachment-large size-large wp-image-1312\" alt=\"\" srcset=\"https:\/\/lunextrading.com\/wp-content\/uploads\/2023\/08\/logistic-service-2.jpg 612w, https:\/\/lunextrading.com\/wp-content\/uploads\/2023\/08\/logistic-service-2-600x400.jpg 600w, https:\/\/lunextrading.com\/wp-content\/uploads\/2023\/08\/logistic-service-2-300x200.jpg 300w\" sizes=\"(max-width: 612px) 100vw, 612px\" \/>\t\t\t\t\t\t\t\t\t\t\t\t\t\t\t<\/div>\n\t\t\t\t<\/div>\n\t\t\t\t<\/div>\n\t\t<div class=\"elementor-element elementor-element-dbfaea7 e-con-full e-flex e-con e-parent\" data-id=\"dbfaea7\" data-element_type=\"container\">\n\t\t<div class=\"elementor-element elementor-element-6d04f13 e-flex e-con-boxed e-con e-parent\" data-id=\"6d04f13\" data-element_type=\"container\">\n\t\t\t\t\t<div class=\"e-con-inner\">\n\t\t\t\t<div class=\"elementor-element elementor-element-8b075c0 elementor-widget elementor-widget-heading\" data-id=\"8b075c0\" data-element_type=\"widget\" data-widget_type=\"heading.default\">\n\t\t\t\t<div class=\"elementor-widget-container\">\n\t\t\t\t\t<h2 class=\"elementor-heading-title elementor-size-default\">LOGISTIQUE<\/h2>\t\t\t\t<\/div>\n\t\t\t\t<\/div>\n\t\t\t\t<div class=\"elementor-element elementor-element-64c0627 elementor-widget elementor-widget-spacer\" data-id=\"64c0627\" data-element_type=\"widget\" data-widget_type=\"spacer.default\">\n\t\t\t\t<div class=\"elementor-widget-container\">\n\t\t\t\t\t\t\t<div class=\"elementor-spacer\">\n\t\t\t<div class=\"elementor-spacer-inner\"><\/div>\n\t\t<\/div>\n\t\t\t\t\t\t<\/div>\n\t\t\t\t<\/div>\n\t\t\t\t\t<\/div>\n\t\t\t\t<\/div>\n\t\t<div class=\"elementor-element elementor-element-d972c84 e-flex e-con-boxed e-con e-parent\" data-id=\"d972c84\" data-element_type=\"container\">\n\t\t\t\t\t<div class=\"e-con-inner\">\n\t\t\t\t<div class=\"elementor-element elementor-element-79109e2 elementor-widget elementor-widget-text-editor\" data-id=\"79109e2\" data-element_type=\"widget\" data-widget_type=\"text-editor.default\">\n\t\t\t\t<div class=\"elementor-widget-container\">\n\t\t\t\t\t\t\t\t\t<p>Nous fournissons des services d&#8217;entreposage et de livraison en Europe. Notre \u00e9quipe poss\u00e8de une riche exp\u00e9rience dans la gestion de la cha\u00eene d&#8217;approvisionnement et peut effectuer une livraison en 48 heures en Europe.<\/p>\t\t\t\t\t\t\t\t<\/div>\n\t\t\t\t<\/div>\n\t\t\t\t\t<\/div>\n\t\t\t\t<\/div>\n\t\t\t\t<\/div>\n\t\t\t\t\t<\/div>\n\t\t\t\t<\/div>\n\t\t\t\t<\/div>\n\t\t\t\t<\/div>\n\t\t\t\t\t\t<\/div>\n\t\t\t\t<\/div>\n\t\t\t\t<\/div>\n\t\t<div class=\"elementor-element elementor-element-aea87bb e-con-full e-flex e-con e-parent\" data-id=\"aea87bb\" data-element_type=\"container\">\n\t\t\t\t<div class=\"elementor-element elementor-element-e37a881 elementor-widget__width-inherit elementor-widget elementor-widget-template\" data-id=\"e37a881\" data-element_type=\"widget\" id=\"nosservicemarketing\" data-widget_type=\"template.default\">\n\t\t\t\t<div class=\"elementor-widget-container\">\n\t\t\t\t\t\t\t<div class=\"elementor-template\">\n\t\t\t\t\t<div data-elementor-type=\"page\" data-elementor-id=\"580\" class=\"elementor elementor-580\" data-elementor-post-type=\"elementor_library\">\n\t\t\t\t<div class=\"elementor-element elementor-element-5ac8a15 e-flex e-con-boxed e-con e-parent\" data-id=\"5ac8a15\" data-element_type=\"container\">\n\t\t\t\t\t<div class=\"e-con-inner\">\n\t\t<div class=\"elementor-element elementor-element-2b4801b e-con-full e-flex e-con e-parent\" data-id=\"2b4801b\" data-element_type=\"container\">\n\t\t<div class=\"elementor-element elementor-element-2416b13 e-flex e-con-boxed e-con e-parent\" data-id=\"2416b13\" data-element_type=\"container\">\n\t\t\t\t\t<div class=\"e-con-inner\">\n\t\t\t\t<div class=\"elementor-element elementor-element-744dbd9 elementor-widget elementor-widget-heading\" data-id=\"744dbd9\" data-element_type=\"widget\" data-widget_type=\"heading.default\">\n\t\t\t\t<div class=\"elementor-widget-container\">\n\t\t\t\t\t<h2 class=\"elementor-heading-title elementor-size-default\">MARKETING<\/h2>\t\t\t\t<\/div>\n\t\t\t\t<\/div>\n\t\t\t\t<div class=\"elementor-element elementor-element-f1ca7dc elementor-widget elementor-widget-spacer\" data-id=\"f1ca7dc\" data-element_type=\"widget\" data-widget_type=\"spacer.default\">\n\t\t\t\t<div class=\"elementor-widget-container\">\n\t\t\t\t\t\t\t<div class=\"elementor-spacer\">\n\t\t\t<div class=\"elementor-spacer-inner\"><\/div>\n\t\t<\/div>\n\t\t\t\t\t\t<\/div>\n\t\t\t\t<\/div>\n\t\t\t\t\t<\/div>\n\t\t\t\t<\/div>\n\t\t<div class=\"elementor-element elementor-element-d21f18a e-flex e-con-boxed e-con e-parent\" data-id=\"d21f18a\" data-element_type=\"container\">\n\t\t\t\t\t<div class=\"e-con-inner\">\n\t\t\t\t<div class=\"elementor-element elementor-element-3650c30 elementor-widget elementor-widget-text-editor\" data-id=\"3650c30\" data-element_type=\"widget\" data-widget_type=\"text-editor.default\">\n\t\t\t\t<div class=\"elementor-widget-container\">\n\t\t\t\t\t\t\t\t\t<p class=\"font_7 wixui-rich-text__text\"><span class=\"wixui-rich-text__text\">Afin d&#8217;accompagne les marques dans leur expression en magasin,\u00a0<\/span><span class=\"wixui-rich-text__text\">nous proposons \u00e0 nos partenaires tout un ensemble de <\/span><span class=\"wixui-rich-text__text\">solutions cl\u00e9 en main. Nous fournissons \u00e9galement des services de marketing sur les r\u00e9seaux sociaux et de marketing de marque.<\/span><\/p><p class=\"font_7 wixui-rich-text__text\"><span class=\"wixui-rich-text__text\"><span class=\"wixGuard wixui-rich-text__text\">\u200b<\/span><\/span><span class=\"wixui-rich-text__text\">Dans l&#8217;objectif de <\/span><span class=\"wixui-rich-text__text\">dynamiser les ventes<\/span><span class=\"wixui-rich-text__text\"> et de booster leur notori\u00e9t\u00e9.<\/span><\/p>\t\t\t\t\t\t\t\t<\/div>\n\t\t\t\t<\/div>\n\t\t\t\t\t<\/div>\n\t\t\t\t<\/div>\n\t\t\t\t<\/div>\n\t\t<div class=\"elementor-element elementor-element-0eb51ff e-con-full e-flex e-con e-parent\" data-id=\"0eb51ff\" data-element_type=\"container\">\n\t\t\t\t<div class=\"elementor-element elementor-element-b061d4e elementor-widget elementor-widget-image\" data-id=\"b061d4e\" data-element_type=\"widget\" data-widget_type=\"image.default\">\n\t\t\t\t<div class=\"elementor-widget-container\">\n\t\t\t\t\t\t\t\t\t\t\t\t\t\t\t<img decoding=\"async\" width=\"800\" height=\"499\" src=\"https:\/\/lunextrading.com\/wp-content\/uploads\/2023\/08\/marketing-service.jpg\" class=\"attachment-large size-large wp-image-1296\" alt=\"\" srcset=\"https:\/\/lunextrading.com\/wp-content\/uploads\/2023\/08\/marketing-service.jpg 801w, https:\/\/lunextrading.com\/wp-content\/uploads\/2023\/08\/marketing-service-600x375.jpg 600w, https:\/\/lunextrading.com\/wp-content\/uploads\/2023\/08\/marketing-service-300x187.jpg 300w, https:\/\/lunextrading.com\/wp-content\/uploads\/2023\/08\/marketing-service-768x479.jpg 768w\" sizes=\"(max-width: 800px) 100vw, 800px\" \/>\t\t\t\t\t\t\t\t\t\t\t\t\t\t\t<\/div>\n\t\t\t\t<\/div>\n\t\t\t\t<\/div>\n\t\t\t\t\t<\/div>\n\t\t\t\t<\/div>\n\t\t\t\t<\/div>\n\t\t\t\t<\/div>\n\t\t\t\t\t\t<\/div>\n\t\t\t\t<\/div>\n\t\t\t\t<\/div>\n\t\t<div class=\"elementor-element elementor-element-4c3b7b1 e-con-full e-flex e-con e-parent\" data-id=\"4c3b7b1\" data-element_type=\"container\" id=\"nosservicefl\">\n\t\t\t\t<div class=\"elementor-element elementor-element-5fd2b7c elementor-widget__width-inherit elementor-widget elementor-widget-template\" data-id=\"5fd2b7c\" data-element_type=\"widget\" data-widget_type=\"template.default\">\n\t\t\t\t<div class=\"elementor-widget-container\">\n\t\t\t\t\t\t\t<div class=\"elementor-template\">\n\t\t\t\t\t<div data-elementor-type=\"page\" data-elementor-id=\"584\" class=\"elementor elementor-584\" data-elementor-post-type=\"elementor_library\">\n\t\t\t\t<div class=\"elementor-element elementor-element-47b7c31 e-flex e-con-boxed e-con e-parent\" data-id=\"47b7c31\" data-element_type=\"container\" id=\"nosservicefl\">\n\t\t\t\t\t<div class=\"e-con-inner\">\n\t\t<div class=\"elementor-element elementor-element-4908a48 e-con-full e-flex e-con e-parent\" data-id=\"4908a48\" data-element_type=\"container\">\n\t\t\t\t<div class=\"elementor-element elementor-element-bd185c9 elementor-widget elementor-widget-image\" data-id=\"bd185c9\" data-element_type=\"widget\" data-widget_type=\"image.default\">\n\t\t\t\t<div class=\"elementor-widget-container\">\n\t\t\t\t\t\t\t\t\t\t\t\t\t\t\t<img loading=\"lazy\" decoding=\"async\" width=\"750\" height=\"500\" src=\"https:\/\/lunextrading.com\/wp-content\/uploads\/2023\/08\/legal-finance-service.jpg\" class=\"attachment-large size-large wp-image-1299\" alt=\"\" srcset=\"https:\/\/lunextrading.com\/wp-content\/uploads\/2023\/08\/legal-finance-service.jpg 750w, https:\/\/lunextrading.com\/wp-content\/uploads\/2023\/08\/legal-finance-service-600x400.jpg 600w, https:\/\/lunextrading.com\/wp-content\/uploads\/2023\/08\/legal-finance-service-300x200.jpg 300w\" sizes=\"(max-width: 750px) 100vw, 750px\" \/>\t\t\t\t\t\t\t\t\t\t\t\t\t\t\t<\/div>\n\t\t\t\t<\/div>\n\t\t\t\t<\/div>\n\t\t<div class=\"elementor-element elementor-element-9864d12 e-con-full e-flex e-con e-parent\" data-id=\"9864d12\" data-element_type=\"container\">\n\t\t<div class=\"elementor-element elementor-element-926edbd e-flex e-con-boxed e-con e-parent\" data-id=\"926edbd\" data-element_type=\"container\">\n\t\t\t\t\t<div class=\"e-con-inner\">\n\t\t\t\t<div class=\"elementor-element elementor-element-34e0197 elementor-widget elementor-widget-heading\" data-id=\"34e0197\" data-element_type=\"widget\" data-widget_type=\"heading.default\">\n\t\t\t\t<div class=\"elementor-widget-container\">\n\t\t\t\t\t<h2 class=\"elementor-heading-title elementor-size-default\">FINANCE &amp; JURIDIQUE<\/h2>\t\t\t\t<\/div>\n\t\t\t\t<\/div>\n\t\t\t\t\t<\/div>\n\t\t\t\t<\/div>\n\t\t<div class=\"elementor-element elementor-element-a7126df e-flex e-con-boxed e-con e-parent\" data-id=\"a7126df\" data-element_type=\"container\">\n\t\t\t\t\t<div class=\"e-con-inner\">\n\t\t\t\t<div class=\"elementor-element elementor-element-c412b03 elementor-widget elementor-widget-spacer\" data-id=\"c412b03\" data-element_type=\"widget\" data-widget_type=\"spacer.default\">\n\t\t\t\t<div class=\"elementor-widget-container\">\n\t\t\t\t\t\t\t<div class=\"elementor-spacer\">\n\t\t\t<div class=\"elementor-spacer-inner\"><\/div>\n\t\t<\/div>\n\t\t\t\t\t\t<\/div>\n\t\t\t\t<\/div>\n\t\t\t\t<div class=\"elementor-element elementor-element-c4367ce elementor-widget__width-inherit elementor-widget elementor-widget-text-editor\" data-id=\"c4367ce\" data-element_type=\"widget\" data-widget_type=\"text-editor.default\">\n\t\t\t\t<div class=\"elementor-widget-container\">\n\t\t\t\t\t\t\t\t\t<p style=\"text-align: left;\">Notre \u00e9quipe financi\u00e8re et juridique professionnelle met en \u0153uvre des contr\u00f4les, des politiques et une gouvernance pour aider la marque \u00e0 \u00e9viter les risques l\u00e9gaux et fiscaux lors de l&#8217;entr\u00e9e du march\u00e9 Europ\u00e9en.<\/p>\t\t\t\t\t\t\t\t<\/div>\n\t\t\t\t<\/div>\n\t\t\t\t\t<\/div>\n\t\t\t\t<\/div>\n\t\t\t\t<\/div>\n\t\t\t\t\t<\/div>\n\t\t\t\t<\/div>\n\t\t\t\t<\/div>\n\t\t\t\t<\/div>\n\t\t\t\t\t\t<\/div>\n\t\t\t\t<\/div>\n\t\t\t\t<\/div>\n\t\t\t\t<\/div>\n\t\t","protected":false},"excerpt":{"rendered":"","protected":false},"author":1,"featured_media":0,"parent":0,"menu_order":0,"comment_status":"closed","ping_status":"closed","template":"","meta":{"footnotes":""},"jetpack_sharing_enabled":true,"_links":{"self":[{"href":"https:\/\/lunextrading.com\/index.php?rest_route=\/wp\/v2\/pages\/16"}],"collection":[{"href":"https:\/\/lunextrading.com\/index.php?rest_route=\/wp\/v2\/pages"}],"about":[{"href":"https:\/\/lunextrading.com\/index.php?rest_route=\/wp\/v2\/types\/page"}],"author":[{"embeddable":true,"href":"https:\/\/lunextrading.com\/index.php?rest_route=\/wp\/v2\/users\/1"}],"replies":[{"embeddable":true,"href":"https:\/\/lunextrading.com\/index.php?rest_route=%2Fwp%2Fv2%2Fcomments&post=16"}],"version-history":[{"count":325,"href":"https:\/\/lunextrading.com\/index.php?rest_route=\/wp\/v2\/pages\/16\/revisions"}],"predecessor-version":[{"id":2031,"href":"https:\/\/lunextrading.com\/index.php?rest_route=\/wp\/v2\/pages\/16\/revisions\/2031"}],"wp:attachment":[{"href":"https:\/\/lunextrading.com\/index.php?rest_route=%2Fwp%2Fv2%2Fmedia&parent=16"}],"curies":[{"name":"wp","href":"https:\/\/api.w.org\/{rel}","templated":true}]}}